{"id":1098,"date":"2017-02-05T14:05:14","date_gmt":"2017-02-05T13:05:14","guid":{"rendered":"https:\/\/claus-bahr.de\/?page_id=1098"},"modified":"2018-05-18T14:09:01","modified_gmt":"2018-05-18T12:09:01","slug":"impressum-haftungsausschluss","status":"publish","type":"page","link":"https:\/\/claus-bahr.de\/?page_id=1098","title":{"rendered":"Impressum \/ Haftungsausschluss"},"content":{"rendered":"<h2>Impressum<\/h2>\n<h3>Angaben gem\u00e4\u00df \u00a7 5 TMG:<\/h3>\n<p>Jerret Jan Harms<br \/>\nSventanaring 6<br \/>\n24619 Bornh\u00f6ved<\/p>\n<h3>Kontakt:<\/h3>\n<table>\n<tbody>\n<tr>\n<td>Telefon:<\/td>\n<td>+49 1764101000<\/td>\n<\/tr>\n<tr>\n<td>E-Mail:<\/td>\n<td>j.harms(at)jerret.de<\/td>\n<\/tr>\n<\/tbody>\n<\/table>\n<h3>Verantwortlich f\u00fcr den Inhalt nach \u00a7 55 Abs. 2 RStV:<\/h3>\n<p>Jerret Jan Harms<br \/>\nSventanaring 6<br \/>\n24619 Bornh\u00f6ved<\/p>\n<p>Quelle: <em><a href=\"http:\/\/www.e-recht24.de\" rel=\"nofollow\">http:\/\/www.e-recht24.de<\/a><\/em><\/p>\n<hr \/>\n<div class=\"col-text-1 text-normal element-top-20 element-bottom-20\" data-os-animation=\"none\" data-os-animation-delay=\"0s\">\n<h2>Haftungsausschluss (Disclaimer)<\/h2>\n<h3>1. Haftungsbeschr\u00e4nkung<\/h3>\n<p>Die Inhalte des Internetauftritts wurden mit gr\u00f6\u00dftm\u00f6glicher Sorgfalt und nach bestem Gewissen erstellt. Dennoch \u00fcbernimmt der Anbieter dieser Webseite keine Gew\u00e4hr f\u00fcr die Aktualit\u00e4t, Vollst\u00e4ndigkeit und Richtigkeit der bereitgestellten Seiten und Inhalte.<\/p>\n<p>Als Diensteanbieter ist der Anbieter dieser Webseite gem\u00e4\u00df \u00a7 7 Abs. 1 TMG f\u00fcr eigene Inhalte und bereitgestellte Informationen auf diesen Seiten nach den allgemeinen Gesetzen verantwortlich; nach den \u00a7\u00a7 8 bis 10 TMG jedoch nicht verpflichtet, die \u00fcbermittelten oder gespeicherten fremden Informationen zu \u00fcberwachen. Eine Entfernung oder Sperrung dieser Inhalte erfolgt umgehend ab dem Zeitpunkt der Kenntnis einer konkreten Rechtsverletzung. Eine Haftung ist erst ab dem Zeitpunkt der Kenntniserlangung m\u00f6glich.<\/p>\n<h3>2. Externe Links<\/h3>\n<p>Die Webseite enth\u00e4lt sog. \u201eexterne Links\u201c (Verlinkungen) zu anderen Webseiten, auf deren Inhalt der Anbieter der Webseite keinen Einfluss hat. Aus diesem Grund kann der Anbieter f\u00fcr diese Inhalte auch keine Gew\u00e4hr \u00fcbernehmen.<br \/>\nF\u00fcr die Inhalte und Richtigkeit der bereitgestellten Informationen ist der jeweilige Anbieter der verlinkten Webseite verantwortlich. Zum Zeitpunkt der Verlinkung waren keine Rechtsverst\u00f6\u00dfe erkennbar. Bei Bekanntwerden einer solchen Rechtsverletzung wird der Link umgehend entfernen.<\/p>\n<h3>3. Urheberrecht\/Leistungsschutzrecht<\/h3>\n<p>Die auf dieser Webseite ver\u00f6ffentlichten Inhalte, Werke und bereitgestellten Informationen unterliegen dem deutschen Urheberrecht und Leistungsschutzrecht. Jede Art der Vervielf\u00e4ltigung, Bearbeitung, Verbreitung, Einspeicherung und jede Art der Verwertung au\u00dferhalb der Grenzen des Urheberrechts bedarf der vorherigen schriftlichen Zustimmung des jeweiligen Rechteinhabers. Das unerlaubte Kopieren\/Speichern der bereitgestellten Informationen auf diesen Webseiten ist nicht gestattet und strafbar.<\/p>\n<p>Quelle: <a href=\"http:\/\/www.mustervorlage.net\/disclaimer-muster\/\">Muster Disclaimer<\/a><\/p>\n","protected":false},"excerpt":{"rendered":"<p>Impressum Angaben gem\u00e4\u00df \u00a7 5 TMG: Jerret Jan Harms Sventanaring 6 24619 Bornh\u00f6ved Kontakt: Telefon: +49 1764101000 E-Mail: j.harms(at)jerret.de Verantwortlich f\u00fcr den Inhalt nach \u00a7 55 Abs. 2 RStV: Jerret Jan Harms Sventanaring 6 24619 Bornh\u00f6ved Quelle: http:\/\/www.e-recht24.de Haftungsausschluss (Disclaimer) 1. Haftungsbeschr\u00e4nkung Die Inhalte des Internetauftritts wurden mit gr\u00f6\u00dftm\u00f6glicher Sorgfalt und nach bestem Gewissen erstellt.<\/p>\n","protected":false},"author":1,"featured_media":0,"parent":0,"menu_order":0,"comment_status":"closed","ping_status":"closed","template":"","meta":[],"_links":{"self":[{"href":"https:\/\/claus-bahr.de\/index.php?rest_route=\/wp\/v2\/pages\/1098"}],"collection":[{"href":"https:\/\/claus-bahr.de\/index.php?rest_route=\/wp\/v2\/pages"}],"about":[{"href":"https:\/\/claus-bahr.de\/index.php?rest_route=\/wp\/v2\/types\/page"}],"author":[{"embeddable":true,"href":"https:\/\/claus-bahr.de\/index.php?rest_route=\/wp\/v2\/users\/1"}],"replies":[{"embeddable":true,"href":"https:\/\/claus-bahr.de\/index.php?rest_route=%2Fwp%2Fv2%2Fcomments&post=1098"}],"version-history":[{"count":5,"href":"https:\/\/claus-bahr.de\/index.php?rest_route=\/wp\/v2\/pages\/1098\/revisions"}],"predecessor-version":[{"id":1111,"href":"https:\/\/claus-bahr.de\/index.php?rest_route=\/wp\/v2\/pages\/1098\/revisions\/1111"}],"wp:attachment":[{"href":"https:\/\/claus-bahr.de\/index.php?rest_route=%2Fwp%2Fv2%2Fmedia&parent=1098"}],"curies":[{"name":"wp","href":"https:\/\/api.w.org\/{rel}","templated":true}]}}